{"id":20,"date":"2012-01-21T09:48:02","date_gmt":"2012-01-21T09:48:02","guid":{"rendered":"http:\/\/www.ev-kg-breckerfeld.de\/kkb\/?page_id=20"},"modified":"2024-11-10T20:37:50","modified_gmt":"2024-11-10T20:37:50","slug":"mitmachen","status":"publish","type":"page","link":"https:\/\/www.jkg-breckerfeld.de\/kkb\/?page_id=20","title":{"rendered":"Mitmachen!?"},"content":{"rendered":"<p><strong><a title=\"\" href=\"http:\/\/www.ev-kg-breckerfeld.de\/kkb\/wp-content\/gallery\/galerie-1\/dsc_0890.jpg\"><img loading=\"lazy\" decoding=\"async\" class=\"ngg-singlepic ngg-right alignright\" src=\"http:\/\/www.ev-kg-breckerfeld.de\/kkb\/wp-content\/gallery\/galerie-1\/thumbs\/thumbs_dsc_0890.jpg\" alt=\"dsc_0890\" width=\"150\" height=\"150\" \/><\/a>M\u00f6chten Sie\u00a0 unsere\u00a0 Aktion aktiv\u00a0 unterst\u00fctzen?<\/strong><\/p>\n<p><span style=\"display: inline !important; float: none; background-color: transparent; color: #333333; cursor: text; font-family: 'Helvetica Neue',Helvetica,Arial,sans-serif; font-size: 15px; font-size-adjust: none; font-stretch: 100%; font-style: normal; font-variant: normal; font-weight: 300; letter-spacing: normal; line-height: 24.37px; orphans: 2; text-align: left; text-decoration: none; text-indent: 0px; text-transform: none; -webkit-text-stroke-width: 0px; white-space: normal; word-spacing: 0px;\">Wir brauchen immer wieder neue Helfer\/innen, die uns unterst\u00fctzen. Jede noch so kleine Hilfe ist wichtig, damit die Kinderkleiderb\u00f6rse stattfinden kann.<\/span><\/p>\n<p>F\u00fcr das leibliche Wohl der Helfer\/innen ist jederzeit gesorgt.<br \/>\nDer Erl\u00f6s (30% vom Gewinn der Verk\u00e4ufer\/innen) ist f\u00fcr die Familienkirche bestimmt, die die Jugendarbeit, Familienarbeit der Gemeinde f\u00f6rdert (z.B. Zeltlager, Zuschuss f\u00fcr Fahrten mit Kindern, Anschaffungen, etc.)<\/p>\n<p>Haben wir Sie\/euch neugierig gemacht? Jeder kann helfen ob jung oder alt, ob Mann oder Frau.<br \/>\nAnmeldung f\u00fcr Helfer\/innen unter der Mail-Adresse: <strong><a href=\"javascript:DeCryptX('3n2m3e1i3h2n1g3h3u3C3p3d2k3o200d1f')\"><img src=\"https:\/\/www.jkg-breckerfeld.de\/kkb\/353b8a6e6f9f22ca29af887844604fd9\/&#107;kbhelfer&#64;&#109;a&#105;l&#46;d&#101;\" class=\"cryptxImage cryptxImage_0\" alt=\"kk&#98;&#104;el&#102;er&#64;&#109;&#97;il.d&#101;\" title=\"k&#107;bh&#101;l&#102;&#101;&#114;&#64;&#109;&#97;&#105;&#108;.&#100;e\" \/><\/a> <\/strong>oder<br \/>\nper whatsapp-Nachricht bzw. SMS 015783036258<strong> (KEINE ANRUFE !!!)<br \/>\nBitte immer den vollst\u00e4ndigen Namen und die Helferzeiten angeben.<\/strong><\/p>\n<p>Ansprechpartnerin bei Fragen rund um die Kleiderb\u00f6rse\/Spielzeugb\u00f6rse<br \/>\nJ. Braun Tel. 9155475<br \/>\n<b><br \/>\nW\u00e4hrend der B\u00f6rse sind wir nur unter der Telefonnummer 02338\/487(Ev.Gemeindehaus) zu erreichen.<\/b><\/p>\n<p>&nbsp;<\/p>\n<p>&nbsp;<\/p>\n<p>&nbsp;<\/p>\n<p>&nbsp;<\/p>\n<p>&nbsp;<\/p>\n","protected":false},"excerpt":{"rendered":"<p>M\u00f6chten Sie\u00a0 unsere\u00a0 Aktion aktiv\u00a0 unterst\u00fctzen? Wir brauchen immer wieder neue Helfer\/innen, die uns unterst\u00fctzen. Jede noch so kleine Hilfe ist wichtig, damit die Kinderkleiderb\u00f6rse stattfinden kann. F\u00fcr das leibliche Wohl der Helfer\/innen ist jederzeit gesorgt. Der Erl\u00f6s (30% vom &hellip; <a href=\"https:\/\/www.jkg-breckerfeld.de\/kkb\/?page_id=20\">Weiterlesen <span class=\"meta-nav\">&rarr;<\/span><\/a><\/p>\n","protected":false},"author":1,"featured_media":0,"parent":0,"menu_order":4,"comment_status":"closed","ping_status":"closed","template":"sidebar-page.php","meta":{"footnotes":""},"class_list":["post-20","page","type-page","status-publish","hentry"],"_links":{"self":[{"href":"https:\/\/www.jkg-breckerfeld.de\/kkb\/index.php?rest_route=\/wp\/v2\/pages\/20","targetHints":{"allow":["GET"]}}],"collection":[{"href":"https:\/\/www.jkg-breckerfeld.de\/kkb\/index.php?rest_route=\/wp\/v2\/pages"}],"about":[{"href":"https:\/\/www.jkg-breckerfeld.de\/kkb\/index.php?rest_route=\/wp\/v2\/types\/page"}],"author":[{"embeddable":true,"href":"https:\/\/www.jkg-breckerfeld.de\/kkb\/index.php?rest_route=\/wp\/v2\/users\/1"}],"replies":[{"embeddable":true,"href":"https:\/\/www.jkg-breckerfeld.de\/kkb\/index.php?rest_route=%2Fwp%2Fv2%2Fcomments&post=20"}],"version-history":[{"count":21,"href":"https:\/\/www.jkg-breckerfeld.de\/kkb\/index.php?rest_route=\/wp\/v2\/pages\/20\/revisions"}],"predecessor-version":[{"id":329,"href":"https:\/\/www.jkg-breckerfeld.de\/kkb\/index.php?rest_route=\/wp\/v2\/pages\/20\/revisions\/329"}],"wp:attachment":[{"href":"https:\/\/www.jkg-breckerfeld.de\/kkb\/index.php?rest_route=%2Fwp%2Fv2%2Fmedia&parent=20"}],"curies":[{"name":"wp","href":"https:\/\/api.w.org\/{rel}","templated":true}]}}