{"id":15,"date":"2012-01-21T09:40:06","date_gmt":"2012-01-21T09:40:06","guid":{"rendered":"http:\/\/www.ev-kg-breckerfeld.de\/kkb\/?page_id=15"},"modified":"2024-09-22T17:58:12","modified_gmt":"2024-09-22T17:58:12","slug":"wichtige-neuerungen","status":"publish","type":"page","link":"https:\/\/www.jkg-breckerfeld.de\/kkb\/?page_id=15","title":{"rendered":"Abrechnungssystem"},"content":{"rendered":"<p>Das Abrechnungssystem l\u00e4uft \u00fcber basarlino.<\/p>\n<p>Es werden nur noch 100 Verk\u00e4ufer zugelassen mit je 70 Teilen (50 Teile bei der Spielzeugb\u00f6rse)<\/p>\n<p>30% (25% bei der Spielzeugb\u00f6rse) des Erl\u00f6ses ist f\u00fcr die Familienkirche bestimmt, der Rest wird bei Abholung der nicht verkauften Sachen am Samstag direkt ausgezahlt.<\/p>\n<p><strong>Wichtig: <\/strong><br \/>\n<strong>Nur noch Klappkisten!<\/strong><br \/>\nEs wird keine Ware in Pappkartons oder W\u00e4schek\u00f6rben angenommen. Wir haben Klappkisten angeschafft, die bei der Abgabe k\u00e4uflich erworben werden k\u00f6nnen. Uns fehlt einfach die Kapazit\u00e4t zur Lagerung von Kartons und W\u00e4schek\u00f6rben. Sollten Sie doch mit Kartons\/K\u00f6rben zur Abgabe erscheinen, m\u00fcssen Sie Ihre Ware umpacken. Die Klappkisten m\u00fcssen mit der Verk\u00e4ufernummer gekennzeichnet werden.<\/p>\n<p>Es ist leider erforderlich, darauf hinzuweisen, <strong>dass wir nur saubere Kleidung zum Verkauf anbieten<\/strong>.<br \/>\nErwachsenenkleidung und verschmutzte Teile sortieren wir aus.<br \/>\nSpiele, Puzzle,etc. werden stichprobenartig auf Vollst\u00e4ndigkeit \u00fcberpr\u00fcft.<\/p>\n<p>&nbsp;<\/p>\n","protected":false},"excerpt":{"rendered":"<p>Das Abrechnungssystem l\u00e4uft \u00fcber basarlino. Es werden nur noch 100 Verk\u00e4ufer zugelassen mit je 70 Teilen (50 Teile bei der Spielzeugb\u00f6rse) 30% (25% bei der Spielzeugb\u00f6rse) des Erl\u00f6ses ist f\u00fcr die Familienkirche bestimmt, der Rest wird bei Abholung der nicht &hellip; <a href=\"https:\/\/www.jkg-breckerfeld.de\/kkb\/?page_id=15\">Weiterlesen <span class=\"meta-nav\">&rarr;<\/span><\/a><\/p>\n","protected":false},"author":1,"featured_media":0,"parent":0,"menu_order":3,"comment_status":"closed","ping_status":"closed","template":"sidebar-page.php","meta":{"footnotes":""},"class_list":["post-15","page","type-page","status-publish","hentry"],"_links":{"self":[{"href":"https:\/\/www.jkg-breckerfeld.de\/kkb\/index.php?rest_route=\/wp\/v2\/pages\/15","targetHints":{"allow":["GET"]}}],"collection":[{"href":"https:\/\/www.jkg-breckerfeld.de\/kkb\/index.php?rest_route=\/wp\/v2\/pages"}],"about":[{"href":"https:\/\/www.jkg-breckerfeld.de\/kkb\/index.php?rest_route=\/wp\/v2\/types\/page"}],"author":[{"embeddable":true,"href":"https:\/\/www.jkg-breckerfeld.de\/kkb\/index.php?rest_route=\/wp\/v2\/users\/1"}],"replies":[{"embeddable":true,"href":"https:\/\/www.jkg-breckerfeld.de\/kkb\/index.php?rest_route=%2Fwp%2Fv2%2Fcomments&post=15"}],"version-history":[{"count":20,"href":"https:\/\/www.jkg-breckerfeld.de\/kkb\/index.php?rest_route=\/wp\/v2\/pages\/15\/revisions"}],"predecessor-version":[{"id":324,"href":"https:\/\/www.jkg-breckerfeld.de\/kkb\/index.php?rest_route=\/wp\/v2\/pages\/15\/revisions\/324"}],"wp:attachment":[{"href":"https:\/\/www.jkg-breckerfeld.de\/kkb\/index.php?rest_route=%2Fwp%2Fv2%2Fmedia&parent=15"}],"curies":[{"name":"wp","href":"https:\/\/api.w.org\/{rel}","templated":true}]}}